{"id":1523,"date":"2021-07-13T16:24:37","date_gmt":"2021-07-13T19:24:37","guid":{"rendered":"https:\/\/barcellosexperts.com.br\/?page_id=1523"},"modified":"2025-10-08T15:22:08","modified_gmt":"2025-10-08T18:22:08","slug":"links","status":"publish","type":"page","link":"https:\/\/barcellosexperts.com.br\/en\/links\/","title":{"rendered":"links"},"content":{"rendered":"<div data-elementor-type=\"wp-page\" data-elementor-id=\"1523\" class=\"elementor elementor-1523\" data-elementor-post-type=\"page\">\n\t\t\t\t\t\t<section class=\"elementor-section elementor-top-section elementor-element elementor-element-b0d8bcd elementor-section-boxed elementor-section-height-default elementor-section-height-default\" data-id=\"b0d8bcd\" data-element_type=\"section\" data-settings=\"{&quot;background_background&quot;:&quot;classic&quot;}\">\n\t\t\t\t\t\t\t<div class=\"elementor-background-overlay\"><\/div>\n\t\t\t\t\t\t\t<div class=\"elementor-container elementor-column-gap-no\">\n\t\t\t\t\t<div class=\"elementor-column elementor-col-100 elementor-top-column elementor-element elementor-element-cc169e7\" data-id=\"cc169e7\" data-element_type=\"column\">\n\t\t\t<div class=\"elementor-widget-wrap elementor-element-populated\">\n\t\t\t\t\t\t<div class=\"elementor-element elementor-element-961c2bc elementor-widget elementor-widget-image\" data-id=\"961c2bc\" data-element_type=\"widget\" data-widget_type=\"image.default\">\n\t\t\t\t<div class=\"elementor-widget-container\">\n\t\t\t\t\t\t\t\t\t\t\t\t\t\t\t\t<a href=\"https:\/\/barcellosexperts.com.br\/en\/noinsta\/\">\n\t\t\t\t\t\t\t<img decoding=\"async\" src=\"https:\/\/barcellosexperts.com.br\/wp-content\/uploads\/elementor\/thumbs\/sobrall_avatar-qgiezatbcl6nzcbbyw5nq3pir53n44hu8vaxigc76k.png\" title=\"sobrall_avatar\" alt=\"sobrall_avatar\" loading=\"lazy\" \/>\t\t\t\t\t\t\t\t<\/a>\n\t\t\t\t\t\t\t\t\t\t\t\t\t\t\t<\/div>\n\t\t\t\t<\/div>\n\t\t\t\t<div class=\"elementor-element elementor-element-8057b05 elementor-align-center elementor-widget elementor-widget-button\" data-id=\"8057b05\" data-element_type=\"widget\" data-widget_type=\"button.default\">\n\t\t\t\t<div class=\"elementor-widget-container\">\n\t\t\t\t\t\t\t\t\t<div class=\"elementor-button-wrapper\">\n\t\t\t\t\t<a class=\"elementor-button elementor-button-link elementor-size-md\" href=\"https:\/\/barcellosexperts.com.br\/en\/noinsta\/\">\n\t\t\t\t\t\t<span class=\"elementor-button-content-wrapper\">\n\t\t\t\t\t\t\t\t\t<span class=\"elementor-button-text\">Marco Sobrall<\/span>\n\t\t\t\t\t<\/span>\n\t\t\t\t\t<\/a>\n\t\t\t\t<\/div>\n\t\t\t\t\t\t\t\t<\/div>\n\t\t\t\t<\/div>\n\t\t\t\t<div class=\"elementor-element elementor-element-5f4c49e elementor-widget-divider--view-line elementor-widget elementor-widget-divider\" data-id=\"5f4c49e\" data-element_type=\"widget\" data-widget_type=\"divider.default\">\n\t\t\t\t<div class=\"elementor-widget-container\">\n\t\t\t\t\t\t\t<div class=\"elementor-divider\">\n\t\t\t<span class=\"elementor-divider-separator\">\n\t\t\t\t\t\t<\/span>\n\t\t<\/div>\n\t\t\t\t\t\t<\/div>\n\t\t\t\t<\/div>\n\t\t\t\t<section class=\"elementor-section elementor-inner-section elementor-element elementor-element-295d30b elementor-section-boxed elementor-section-height-default elementor-section-height-default\" data-id=\"295d30b\" data-element_type=\"section\">\n\t\t\t\t\t\t<div class=\"elementor-container elementor-column-gap-default\">\n\t\t\t\t\t<div class=\"elementor-column elementor-col-100 elementor-inner-column elementor-element elementor-element-cfdc9b5\" data-id=\"cfdc9b5\" data-element_type=\"column\">\n\t\t\t<div class=\"elementor-widget-wrap elementor-element-populated\">\n\t\t\t\t\t\t<div class=\"elementor-element elementor-element-0f74a4f elementor-widget elementor-widget-text-editor\" data-id=\"0f74a4f\" data-element_type=\"widget\" data-widget_type=\"text-editor.default\">\n\t\t\t\t<div class=\"elementor-widget-container\">\n\t\t\t\t\t\t\t\t\t<p>Diagn\u00f3sticos e sobretudo solu\u00e7\u00f5es para as mais variadas situa\u00e7\u00f5es que atrapalham empresas de crescer e prosperar, atrav\u00e9s de contexto, intelig\u00eancia e da constru\u00e7\u00e3o de valor de marca.<\/p>\n<p><strong>Branding, marketing, estrat\u00e9gia e gest\u00e3o.<br><\/strong><em>Com uma pitada de azeite!<\/em><\/p>\t\t\t\t\t\t\t\t<\/div>\n\t\t\t\t<\/div>\n\t\t\t\t<div class=\"elementor-element elementor-element-b26649a elementor-align-justify elementor-widget elementor-widget-button\" data-id=\"b26649a\" data-element_type=\"widget\" data-widget_type=\"button.default\">\n\t\t\t\t<div class=\"elementor-widget-container\">\n\t\t\t\t\t\t\t\t\t<div class=\"elementor-button-wrapper\">\n\t\t\t\t\t<a class=\"elementor-button elementor-button-link elementor-size-sm elementor-animation-pop\" href=\"https:\/\/wa.me\/message\/QOWWCRZ3EM53H1\">\n\t\t\t\t\t\t<span class=\"elementor-button-content-wrapper\">\n\t\t\t\t\t\t\t\t\t<span class=\"elementor-button-text\">Talk To Me, Right Now!<\/span>\n\t\t\t\t\t<\/span>\n\t\t\t\t\t<\/a>\n\t\t\t\t<\/div>\n\t\t\t\t\t\t\t\t<\/div>\n\t\t\t\t<\/div>\n\t\t\t\t<div class=\"elementor-element elementor-element-88f3bb9 elementor-align-justify elementor-widget elementor-widget-button\" data-id=\"88f3bb9\" data-element_type=\"widget\" data-widget_type=\"button.default\">\n\t\t\t\t<div class=\"elementor-widget-container\">\n\t\t\t\t\t\t\t\t\t<div class=\"elementor-button-wrapper\">\n\t\t\t\t\t<a class=\"elementor-button elementor-button-link elementor-size-sm elementor-animation-pop\" href=\"https:\/\/docs.google.com\/forms\/d\/1LI67k-Wuo1f-nzn9diWbSHOQ0elUffw3nX9ONKot-5I\/edit?pli=1\">\n\t\t\t\t\t\t<span class=\"elementor-button-content-wrapper\">\n\t\t\t\t\t\t\t\t\t<span class=\"elementor-button-text\">OR\u00c7AMENTO PRA J\u00c1<\/span>\n\t\t\t\t\t<\/span>\n\t\t\t\t\t<\/a>\n\t\t\t\t<\/div>\n\t\t\t\t\t\t\t\t<\/div>\n\t\t\t\t<\/div>\n\t\t\t\t<div class=\"elementor-element elementor-element-c5c0491 elementor-align-justify elementor-widget elementor-widget-button\" data-id=\"c5c0491\" data-element_type=\"widget\" data-widget_type=\"button.default\">\n\t\t\t\t<div class=\"elementor-widget-container\">\n\t\t\t\t\t\t\t\t\t<div class=\"elementor-button-wrapper\">\n\t\t\t\t\t<a class=\"elementor-button elementor-button-link elementor-size-sm elementor-animation-pop\" href=\"https:\/\/barcellosexperts.com.br\/en\/sessao_estrategica\/\">\n\t\t\t\t\t\t<span class=\"elementor-button-content-wrapper\">\n\t\t\t\t\t\t\t\t\t<span class=\"elementor-button-text\">APLICA\u00c7\u00c3O PARA SESS\u00c3O ESTRAT\u00c9GICA<\/span>\n\t\t\t\t\t<\/span>\n\t\t\t\t\t<\/a>\n\t\t\t\t<\/div>\n\t\t\t\t\t\t\t\t<\/div>\n\t\t\t\t<\/div>\n\t\t\t\t<div class=\"elementor-element elementor-element-0ad8a8b elementor-align-justify elementor-widget elementor-widget-button\" data-id=\"0ad8a8b\" data-element_type=\"widget\" data-widget_type=\"button.default\">\n\t\t\t\t<div class=\"elementor-widget-container\">\n\t\t\t\t\t\t\t\t\t<div class=\"elementor-button-wrapper\">\n\t\t\t\t\t<a class=\"elementor-button elementor-button-link elementor-size-sm elementor-animation-pop\" href=\"https:\/\/wa.me\/message\/QOWWCRZ3EM53H1\">\n\t\t\t\t\t\t<span class=\"elementor-button-content-wrapper\">\n\t\t\t\t\t\t\t\t\t<span class=\"elementor-button-text\">Quero saber mais sobre a mentoria<\/span>\n\t\t\t\t\t<\/span>\n\t\t\t\t\t<\/a>\n\t\t\t\t<\/div>\n\t\t\t\t\t\t\t\t<\/div>\n\t\t\t\t<\/div>\n\t\t\t\t<div class=\"elementor-element elementor-element-50679d8 elementor-align-justify elementor-widget elementor-widget-button\" data-id=\"50679d8\" data-element_type=\"widget\" data-widget_type=\"button.default\">\n\t\t\t\t<div class=\"elementor-widget-container\">\n\t\t\t\t\t\t\t\t\t<div class=\"elementor-button-wrapper\">\n\t\t\t\t\t<a class=\"elementor-button elementor-button-link elementor-size-sm elementor-animation-pop\" href=\"https:\/\/www.whatsapp.com\/catalog\/5519991855551\/?app_absent=0\">\n\t\t\t\t\t\t<span class=\"elementor-button-content-wrapper\">\n\t\t\t\t\t\t\t\t\t<span class=\"elementor-button-text\">Cat\u00e1logo de Servi\u00e7os com Azeite<\/span>\n\t\t\t\t\t<\/span>\n\t\t\t\t\t<\/a>\n\t\t\t\t<\/div>\n\t\t\t\t\t\t\t\t<\/div>\n\t\t\t\t<\/div>\n\t\t\t\t<div class=\"elementor-element elementor-element-e3e0cce elementor-align-justify elementor-widget elementor-widget-button\" data-id=\"e3e0cce\" data-element_type=\"widget\" data-widget_type=\"button.default\">\n\t\t\t\t<div class=\"elementor-widget-container\">\n\t\t\t\t\t\t\t\t\t<div class=\"elementor-button-wrapper\">\n\t\t\t\t\t<a class=\"elementor-button elementor-button-link elementor-size-sm elementor-animation-pop\" href=\"https:\/\/barcellosexperts.com.br\/en\/\">\n\t\t\t\t\t\t<span class=\"elementor-button-content-wrapper\">\n\t\t\t\t\t\t\t\t\t<span class=\"elementor-button-text\">A Barcellos \u2022 Experts Em Branding<\/span>\n\t\t\t\t\t<\/span>\n\t\t\t\t\t<\/a>\n\t\t\t\t<\/div>\n\t\t\t\t\t\t\t\t<\/div>\n\t\t\t\t<\/div>\n\t\t\t\t<div class=\"elementor-element elementor-element-2564825 elementor-align-justify elementor-widget elementor-widget-button\" data-id=\"2564825\" data-element_type=\"widget\" data-widget_type=\"button.default\">\n\t\t\t\t<div class=\"elementor-widget-container\">\n\t\t\t\t\t\t\t\t\t<div class=\"elementor-button-wrapper\">\n\t\t\t\t\t<a class=\"elementor-button elementor-button-link elementor-size-sm elementor-animation-pop\" href=\"https:\/\/reserva.ink\/barcellos\">\n\t\t\t\t\t\t<span class=\"elementor-button-content-wrapper\">\n\t\t\t\t\t\t\t\t\t<span class=\"elementor-button-text\">Barcellos Shop \u2022 T-shirts Azeitadas<\/span>\n\t\t\t\t\t<\/span>\n\t\t\t\t\t<\/a>\n\t\t\t\t<\/div>\n\t\t\t\t\t\t\t\t<\/div>\n\t\t\t\t<\/div>\n\t\t\t\t\t<\/div>\n\t\t<\/div>\n\t\t\t\t\t<\/div>\n\t\t<\/section>\n\t\t\t\t<section class=\"elementor-section elementor-inner-section elementor-element elementor-element-342a776 elementor-section-content-bottom elementor-section-boxed elementor-section-height-default elementor-section-height-default\" data-id=\"342a776\" data-element_type=\"section\">\n\t\t\t\t\t\t<div class=\"elementor-container elementor-column-gap-no\">\n\t\t\t\t\t<div class=\"elementor-column elementor-col-25 elementor-inner-column elementor-element elementor-element-2a2d837\" data-id=\"2a2d837\" data-element_type=\"column\">\n\t\t\t<div class=\"elementor-widget-wrap\">\n\t\t\t\t\t\t\t<\/div>\n\t\t<\/div>\n\t\t\t\t<div class=\"elementor-column elementor-col-25 elementor-inner-column elementor-element elementor-element-ae7cc1e\" data-id=\"ae7cc1e\" data-element_type=\"column\">\n\t\t\t<div class=\"elementor-widget-wrap elementor-element-populated\">\n\t\t\t\t\t\t<div class=\"elementor-element elementor-element-4b37895 elementor-shape-circle elementor-widget__width-auto elementor-grid-0 e-grid-align-center elementor-widget elementor-widget-social-icons\" data-id=\"4b37895\" data-element_type=\"widget\" data-widget_type=\"social-icons.default\">\n\t\t\t\t<div class=\"elementor-widget-container\">\n\t\t\t\t\t\t\t<div class=\"elementor-social-icons-wrapper elementor-grid\" role=\"list\">\n\t\t\t\t\t\t\t<span class=\"elementor-grid-item\" role=\"listitem\">\n\t\t\t\t\t<a class=\"elementor-icon elementor-social-icon elementor-social-icon-linkedin elementor-animation-pop elementor-repeater-item-e41732b\" href=\"https:\/\/www.linkedin.com\/in\/marco-sobrall\/\" target=\"_blank\">\n\t\t\t\t\t\t<span class=\"elementor-screen-only\">Linkedin<\/span>\n\t\t\t\t\t\t<i aria-hidden=\"true\" class=\"fab fa-linkedin\"><\/i>\t\t\t\t\t<\/a>\n\t\t\t\t<\/span>\n\t\t\t\t\t\t\t<span class=\"elementor-grid-item\" role=\"listitem\">\n\t\t\t\t\t<a class=\"elementor-icon elementor-social-icon elementor-social-icon-youtube elementor-animation-pop elementor-repeater-item-833db9c\" href=\"https:\/\/www.youtube.com\/channel\/UC370vR6gYDwaWST8lL6W17w\" target=\"_blank\">\n\t\t\t\t\t\t<span class=\"elementor-screen-only\">Youtube<\/span>\n\t\t\t\t\t\t<i aria-hidden=\"true\" class=\"fab fa-youtube\"><\/i>\t\t\t\t\t<\/a>\n\t\t\t\t<\/span>\n\t\t\t\t\t\t\t<span class=\"elementor-grid-item\" role=\"listitem\">\n\t\t\t\t\t<a class=\"elementor-icon elementor-social-icon elementor-social-icon-instagram elementor-animation-pop elementor-repeater-item-80453c6\" href=\"https:\/\/www.instagram.com\/marcosobrall\/\" target=\"_blank\">\n\t\t\t\t\t\t<span class=\"elementor-screen-only\">Instagram<\/span>\n\t\t\t\t\t\t<i aria-hidden=\"true\" class=\"fab fa-instagram\"><\/i>\t\t\t\t\t<\/a>\n\t\t\t\t<\/span>\n\t\t\t\t\t<\/div>\n\t\t\t\t\t\t<\/div>\n\t\t\t\t<\/div>\n\t\t\t\t\t<\/div>\n\t\t<\/div>\n\t\t\t\t<div class=\"elementor-column elementor-col-25 elementor-inner-column elementor-element elementor-element-16d2611\" data-id=\"16d2611\" data-element_type=\"column\">\n\t\t\t<div class=\"elementor-widget-wrap elementor-element-populated\">\n\t\t\t\t\t\t<div class=\"elementor-element elementor-element-853015a elementor-align-center elementor-widget elementor-widget-button\" data-id=\"853015a\" data-element_type=\"widget\" data-widget_type=\"button.default\">\n\t\t\t\t<div class=\"elementor-widget-container\">\n\t\t\t\t\t\t\t\t\t<div class=\"elementor-button-wrapper\">\n\t\t\t\t\t<a class=\"elementor-button elementor-button-link elementor-size-md elementor-animation-pop\" href=\"https:\/\/barcellosexperts.com.br\/en\/politica-de-privacidade\/\">\n\t\t\t\t\t\t<span class=\"elementor-button-content-wrapper\">\n\t\t\t\t\t\t\t\t\t<span class=\"elementor-button-text\">Privacy Policy<\/span>\n\t\t\t\t\t<\/span>\n\t\t\t\t\t<\/a>\n\t\t\t\t<\/div>\n\t\t\t\t\t\t\t\t<\/div>\n\t\t\t\t<\/div>\n\t\t\t\t\t<\/div>\n\t\t<\/div>\n\t\t\t\t<div class=\"elementor-column elementor-col-25 elementor-inner-column elementor-element elementor-element-6ade176\" data-id=\"6ade176\" data-element_type=\"column\">\n\t\t\t<div class=\"elementor-widget-wrap\">\n\t\t\t\t\t\t\t<\/div>\n\t\t<\/div>\n\t\t\t\t\t<\/div>\n\t\t<\/section>\n\t\t\t\t\t<\/div>\n\t\t<\/div>\n\t\t\t\t\t<\/div>\n\t\t<\/section>\n\t\t\t\t<\/div>","protected":false},"excerpt":{"rendered":"<p>Marco Sobrall Diagn\u00f3sticos e sobretudo solu\u00e7\u00f5es para as mais variadas situa\u00e7\u00f5es que atrapalham empresas de crescer e prosperar, atrav\u00e9s de contexto, intelig\u00eancia e da constru\u00e7\u00e3o de valor de marca. Branding, marketing, estrat\u00e9gia e gest\u00e3o.Com uma pitada de azeite! Talk To Me, Right Now! OR\u00c7AMENTO PRA J\u00c1 APLICA\u00c7\u00c3O PARA SESS\u00c3O ESTRAT\u00c9GICA Quero saber mais sobre a [&hellip;]<\/p>","protected":false},"author":1,"featured_media":0,"parent":0,"menu_order":0,"comment_status":"closed","ping_status":"closed","template":"elementor_canvas","meta":{"_joinchat":[],"footnotes":"","_links_to":"","_links_to_target":""},"class_list":["post-1523","page","type-page","status-publish","hentry"],"yoast_head":"<!-- This site is optimized with the Yoast SEO plugin v26.8 - https:\/\/yoast.com\/product\/yoast-seo-wordpress\/ -->\n<title>links - Barcellos Experts<\/title>\n<meta name=\"robots\" content=\"index, follow, max-snippet:-1, max-image-preview:large, max-video-preview:-1\" \/>\n<link rel=\"canonical\" href=\"https:\/\/barcellosexperts.com.br\/en\/links\/\" \/>\n<meta property=\"og:locale\" content=\"en_GB\" \/>\n<meta property=\"og:type\" content=\"article\" \/>\n<meta property=\"og:title\" content=\"links - Barcellos Experts\" \/>\n<meta property=\"og:description\" content=\"Marco Sobrall Diagn\u00f3sticos e sobretudo solu\u00e7\u00f5es para as mais variadas situa\u00e7\u00f5es que atrapalham empresas de crescer e prosperar, atrav\u00e9s de contexto, intelig\u00eancia e da constru\u00e7\u00e3o de valor de marca. Branding, marketing, estrat\u00e9gia e gest\u00e3o.Com uma pitada de azeite! Talk To Me, Right Now! OR\u00c7AMENTO PRA J\u00c1 APLICA\u00c7\u00c3O PARA SESS\u00c3O ESTRAT\u00c9GICA Quero saber mais sobre a [&hellip;]\" \/>\n<meta property=\"og:url\" content=\"https:\/\/barcellosexperts.com.br\/en\/links\/\" \/>\n<meta property=\"og:site_name\" content=\"Barcellos Experts\" \/>\n<meta property=\"article:modified_time\" content=\"2025-10-08T18:22:08+00:00\" \/>\n<meta property=\"og:image\" content=\"https:\/\/barcellosexperts.com.br\/wp-content\/uploads\/elementor\/thumbs\/sobrall_avatar-qgiezatbcl6nzcbbyw5nq3pir53n44hu8vaxigc76k.png\" \/>\n<meta name=\"twitter:card\" content=\"summary_large_image\" \/>\n<meta name=\"twitter:label1\" content=\"Estimated reading time\" \/>\n\t<meta name=\"twitter:data1\" content=\"1 minute\" \/>\n<script type=\"application\/ld+json\" class=\"yoast-schema-graph\">{\"@context\":\"https:\/\/schema.org\",\"@graph\":[{\"@type\":\"WebPage\",\"@id\":\"https:\/\/barcellosexperts.com.br\/links\/\",\"url\":\"https:\/\/barcellosexperts.com.br\/links\/\",\"name\":\"links - Barcellos Experts\",\"isPartOf\":{\"@id\":\"https:\/\/barcellosexperts.com.br\/#website\"},\"primaryImageOfPage\":{\"@id\":\"https:\/\/barcellosexperts.com.br\/links\/#primaryimage\"},\"image\":{\"@id\":\"https:\/\/barcellosexperts.com.br\/links\/#primaryimage\"},\"thumbnailUrl\":\"https:\/\/barcellosexperts.com.br\/wp-content\/uploads\/elementor\/thumbs\/sobrall_avatar-qgiezatbcl6nzcbbyw5nq3pir53n44hu8vaxigc76k.png\",\"datePublished\":\"2021-07-13T19:24:37+00:00\",\"dateModified\":\"2025-10-08T18:22:08+00:00\",\"breadcrumb\":{\"@id\":\"https:\/\/barcellosexperts.com.br\/links\/#breadcrumb\"},\"inLanguage\":\"en-GB\",\"potentialAction\":[{\"@type\":\"ReadAction\",\"target\":[\"https:\/\/barcellosexperts.com.br\/links\/\"]}]},{\"@type\":\"ImageObject\",\"inLanguage\":\"en-GB\",\"@id\":\"https:\/\/barcellosexperts.com.br\/links\/#primaryimage\",\"url\":\"https:\/\/barcellosexperts.com.br\/wp-content\/uploads\/elementor\/thumbs\/sobrall_avatar-qgiezatbcl6nzcbbyw5nq3pir53n44hu8vaxigc76k.png\",\"contentUrl\":\"https:\/\/barcellosexperts.com.br\/wp-content\/uploads\/elementor\/thumbs\/sobrall_avatar-qgiezatbcl6nzcbbyw5nq3pir53n44hu8vaxigc76k.png\"},{\"@type\":\"BreadcrumbList\",\"@id\":\"https:\/\/barcellosexperts.com.br\/links\/#breadcrumb\",\"itemListElement\":[{\"@type\":\"ListItem\",\"position\":1,\"name\":\"In\u00edcio\",\"item\":\"https:\/\/barcellosexperts.com.br\/\"},{\"@type\":\"ListItem\",\"position\":2,\"name\":\"links\"}]},{\"@type\":\"WebSite\",\"@id\":\"https:\/\/barcellosexperts.com.br\/#website\",\"url\":\"https:\/\/barcellosexperts.com.br\/\",\"name\":\"Barcellos Experts\",\"description\":\"Especialistas em Estrategia de Marca\",\"publisher\":{\"@id\":\"https:\/\/barcellosexperts.com.br\/#organization\"},\"potentialAction\":[{\"@type\":\"SearchAction\",\"target\":{\"@type\":\"EntryPoint\",\"urlTemplate\":\"https:\/\/barcellosexperts.com.br\/?s={search_term_string}\"},\"query-input\":{\"@type\":\"PropertyValueSpecification\",\"valueRequired\":true,\"valueName\":\"search_term_string\"}}],\"inLanguage\":\"en-GB\"},{\"@type\":\"Organization\",\"@id\":\"https:\/\/barcellosexperts.com.br\/#organization\",\"name\":\"Barcellos Experts\",\"url\":\"https:\/\/barcellosexperts.com.br\/\",\"logo\":{\"@type\":\"ImageObject\",\"inLanguage\":\"en-GB\",\"@id\":\"https:\/\/barcellosexperts.com.br\/#\/schema\/logo\/image\/\",\"url\":\"https:\/\/barcellosexperts.com.br\/wp-content\/uploads\/2020\/02\/barcellos_experts_logomarca_menu.svg\",\"contentUrl\":\"https:\/\/barcellosexperts.com.br\/wp-content\/uploads\/2020\/02\/barcellos_experts_logomarca_menu.svg\",\"caption\":\"Barcellos Experts\"},\"image\":{\"@id\":\"https:\/\/barcellosexperts.com.br\/#\/schema\/logo\/image\/\"}}]}<\/script>\n<!-- \/ Yoast SEO plugin. -->","yoast_head_json":{"title":"links - Barcellos Experts","robots":{"index":"index","follow":"follow","max-snippet":"max-snippet:-1","max-image-preview":"max-image-preview:large","max-video-preview":"max-video-preview:-1"},"canonical":"https:\/\/barcellosexperts.com.br\/en\/links\/","og_locale":"en_GB","og_type":"article","og_title":"links - Barcellos Experts","og_description":"Marco Sobrall Diagn\u00f3sticos e sobretudo solu\u00e7\u00f5es para as mais variadas situa\u00e7\u00f5es que atrapalham empresas de crescer e prosperar, atrav\u00e9s de contexto, intelig\u00eancia e da constru\u00e7\u00e3o de valor de marca. Branding, marketing, estrat\u00e9gia e gest\u00e3o.Com uma pitada de azeite! Talk To Me, Right Now! OR\u00c7AMENTO PRA J\u00c1 APLICA\u00c7\u00c3O PARA SESS\u00c3O ESTRAT\u00c9GICA Quero saber mais sobre a [&hellip;]","og_url":"https:\/\/barcellosexperts.com.br\/en\/links\/","og_site_name":"Barcellos Experts","article_modified_time":"2025-10-08T18:22:08+00:00","og_image":[{"url":"https:\/\/barcellosexperts.com.br\/wp-content\/uploads\/elementor\/thumbs\/sobrall_avatar-qgiezatbcl6nzcbbyw5nq3pir53n44hu8vaxigc76k.png","type":"","width":"","height":""}],"twitter_card":"summary_large_image","twitter_misc":{"Estimated reading time":"1 minute"},"schema":{"@context":"https:\/\/schema.org","@graph":[{"@type":"WebPage","@id":"https:\/\/barcellosexperts.com.br\/links\/","url":"https:\/\/barcellosexperts.com.br\/links\/","name":"links - Barcellos Experts","isPartOf":{"@id":"https:\/\/barcellosexperts.com.br\/#website"},"primaryImageOfPage":{"@id":"https:\/\/barcellosexperts.com.br\/links\/#primaryimage"},"image":{"@id":"https:\/\/barcellosexperts.com.br\/links\/#primaryimage"},"thumbnailUrl":"https:\/\/barcellosexperts.com.br\/wp-content\/uploads\/elementor\/thumbs\/sobrall_avatar-qgiezatbcl6nzcbbyw5nq3pir53n44hu8vaxigc76k.png","datePublished":"2021-07-13T19:24:37+00:00","dateModified":"2025-10-08T18:22:08+00:00","breadcrumb":{"@id":"https:\/\/barcellosexperts.com.br\/links\/#breadcrumb"},"inLanguage":"en-GB","potentialAction":[{"@type":"ReadAction","target":["https:\/\/barcellosexperts.com.br\/links\/"]}]},{"@type":"ImageObject","inLanguage":"en-GB","@id":"https:\/\/barcellosexperts.com.br\/links\/#primaryimage","url":"https:\/\/barcellosexperts.com.br\/wp-content\/uploads\/elementor\/thumbs\/sobrall_avatar-qgiezatbcl6nzcbbyw5nq3pir53n44hu8vaxigc76k.png","contentUrl":"https:\/\/barcellosexperts.com.br\/wp-content\/uploads\/elementor\/thumbs\/sobrall_avatar-qgiezatbcl6nzcbbyw5nq3pir53n44hu8vaxigc76k.png"},{"@type":"BreadcrumbList","@id":"https:\/\/barcellosexperts.com.br\/links\/#breadcrumb","itemListElement":[{"@type":"ListItem","position":1,"name":"In\u00edcio","item":"https:\/\/barcellosexperts.com.br\/"},{"@type":"ListItem","position":2,"name":"links"}]},{"@type":"WebSite","@id":"https:\/\/barcellosexperts.com.br\/#website","url":"https:\/\/barcellosexperts.com.br\/","name":"Barcellos Experts","description":"Especialistas em Estrategia de Marca","publisher":{"@id":"https:\/\/barcellosexperts.com.br\/#organization"},"potentialAction":[{"@type":"SearchAction","target":{"@type":"EntryPoint","urlTemplate":"https:\/\/barcellosexperts.com.br\/?s={search_term_string}"},"query-input":{"@type":"PropertyValueSpecification","valueRequired":true,"valueName":"search_term_string"}}],"inLanguage":"en-GB"},{"@type":"Organization","@id":"https:\/\/barcellosexperts.com.br\/#organization","name":"Barcellos Experts","url":"https:\/\/barcellosexperts.com.br\/","logo":{"@type":"ImageObject","inLanguage":"en-GB","@id":"https:\/\/barcellosexperts.com.br\/#\/schema\/logo\/image\/","url":"https:\/\/barcellosexperts.com.br\/wp-content\/uploads\/2020\/02\/barcellos_experts_logomarca_menu.svg","contentUrl":"https:\/\/barcellosexperts.com.br\/wp-content\/uploads\/2020\/02\/barcellos_experts_logomarca_menu.svg","caption":"Barcellos Experts"},"image":{"@id":"https:\/\/barcellosexperts.com.br\/#\/schema\/logo\/image\/"}}]}},"_links":{"self":[{"href":"https:\/\/barcellosexperts.com.br\/en\/wp-json\/wp\/v2\/pages\/1523","targetHints":{"allow":["GET"]}}],"collection":[{"href":"https:\/\/barcellosexperts.com.br\/en\/wp-json\/wp\/v2\/pages"}],"about":[{"href":"https:\/\/barcellosexperts.com.br\/en\/wp-json\/wp\/v2\/types\/page"}],"author":[{"embeddable":true,"href":"https:\/\/barcellosexperts.com.br\/en\/wp-json\/wp\/v2\/users\/1"}],"replies":[{"embeddable":true,"href":"https:\/\/barcellosexperts.com.br\/en\/wp-json\/wp\/v2\/comments?post=1523"}],"version-history":[{"count":109,"href":"https:\/\/barcellosexperts.com.br\/en\/wp-json\/wp\/v2\/pages\/1523\/revisions"}],"predecessor-version":[{"id":2791,"href":"https:\/\/barcellosexperts.com.br\/en\/wp-json\/wp\/v2\/pages\/1523\/revisions\/2791"}],"wp:attachment":[{"href":"https:\/\/barcellosexperts.com.br\/en\/wp-json\/wp\/v2\/media?parent=1523"}],"curies":[{"name":"wp","href":"https:\/\/api.w.org\/{rel}","templated":true}]}}