{"id":323,"date":"2020-02-10T17:15:45","date_gmt":"2020-02-10T20:15:45","guid":{"rendered":"https:\/\/barcellosexperts.com.br\/?page_id=323"},"modified":"2023-11-20T13:59:24","modified_gmt":"2023-11-20T16:59:24","slug":"politica-de-privacidade","status":"publish","type":"page","link":"https:\/\/barcellosexperts.com.br\/en\/politica-de-privacidade\/","title":{"rendered":"Privacy Policy"},"content":{"rendered":"<div data-elementor-type=\"wp-page\" data-elementor-id=\"323\" class=\"elementor elementor-323\" data-elementor-post-type=\"page\">\n\t\t\t\t\t\t<section class=\"elementor-section elementor-top-section elementor-element elementor-element-94f3d24 elementor-section-full_width elementor-section-height-default elementor-section-height-default\" data-id=\"94f3d24\" data-element_type=\"section\" data-settings=\"{&quot;background_background&quot;:&quot;classic&quot;}\">\n\t\t\t\t\t\t<div class=\"elementor-container elementor-column-gap-no\">\n\t\t\t\t\t<div class=\"elementor-column elementor-col-100 elementor-top-column elementor-element elementor-element-ecd53de\" data-id=\"ecd53de\" data-element_type=\"column\">\n\t\t\t<div class=\"elementor-widget-wrap elementor-element-populated\">\n\t\t\t\t\t\t<div class=\"elementor-element elementor-element-ea09a39 elementor-widget elementor-widget-heading\" data-id=\"ea09a39\" data-element_type=\"widget\" data-widget_type=\"heading.default\">\n\t\t\t\t<div class=\"elementor-widget-container\">\n\t\t\t\t\t<h2 class=\"elementor-heading-title elementor-size-default\">POL\u00cdTICA DE PRIVACIDADE<\/h2>\t\t\t\t<\/div>\n\t\t\t\t<\/div>\n\t\t\t\t<div class=\"elementor-element elementor-element-9e5f814 elementor-widget elementor-widget-heading\" data-id=\"9e5f814\" data-element_type=\"widget\" data-settings=\"{&quot;motion_fx_motion_fx_scrolling&quot;:&quot;yes&quot;,&quot;motion_fx_translateY_effect&quot;:&quot;yes&quot;,&quot;motion_fx_translateY_speed&quot;:{&quot;unit&quot;:&quot;px&quot;,&quot;size&quot;:&quot;0.5&quot;,&quot;sizes&quot;:[]},&quot;motion_fx_translateY_affectedRange&quot;:{&quot;unit&quot;:&quot;%&quot;,&quot;size&quot;:&quot;&quot;,&quot;sizes&quot;:{&quot;start&quot;:&quot;0&quot;,&quot;end&quot;:&quot;50&quot;}},&quot;motion_fx_opacity_effect&quot;:&quot;yes&quot;,&quot;motion_fx_opacity_range&quot;:{&quot;unit&quot;:&quot;%&quot;,&quot;size&quot;:&quot;&quot;,&quot;sizes&quot;:{&quot;start&quot;:&quot;0&quot;,&quot;end&quot;:&quot;50&quot;}},&quot;motion_fx_opacity_direction&quot;:&quot;out-in&quot;,&quot;motion_fx_opacity_level&quot;:{&quot;unit&quot;:&quot;px&quot;,&quot;size&quot;:10,&quot;sizes&quot;:[]},&quot;motion_fx_devices&quot;:[&quot;desktop&quot;,&quot;tablet&quot;,&quot;mobile&quot;]}\" data-widget_type=\"heading.default\">\n\t\t\t\t<div class=\"elementor-widget-container\">\n\t\t\t\t\t<h2 class=\"elementor-heading-title elementor-size-default\">Afinal, o que \u00e9 essa tal?<\/h2>\t\t\t\t<\/div>\n\t\t\t\t<\/div>\n\t\t\t\t\t<\/div>\n\t\t<\/div>\n\t\t\t\t\t<\/div>\n\t\t<\/section>\n\t\t\t\t<section class=\"elementor-section elementor-top-section elementor-element elementor-element-62a1b57 elementor-section-full_width elementor-section-height-default elementor-section-height-default\" data-id=\"62a1b57\" data-element_type=\"section\">\n\t\t\t\t\t\t<div class=\"elementor-container elementor-column-gap-no\">\n\t\t\t\t\t<div class=\"elementor-column elementor-col-100 elementor-top-column elementor-element elementor-element-57e049f\" data-id=\"57e049f\" data-element_type=\"column\">\n\t\t\t<div class=\"elementor-widget-wrap elementor-element-populated\">\n\t\t\t\t\t\t<div class=\"elementor-element elementor-element-37e57fe elementor-widget elementor-widget-heading\" data-id=\"37e57fe\" data-element_type=\"widget\" data-widget_type=\"heading.default\">\n\t\t\t\t<div class=\"elementor-widget-container\">\n\t\t\t\t\t<h3 class=\"elementor-heading-title elementor-size-default\">Voc\u00eas coletar\u00e3o minhas informa\u00e7\u00f5es pessoais?<\/h3>\t\t\t\t<\/div>\n\t\t\t\t<\/div>\n\t\t\t\t<div class=\"elementor-element elementor-element-be471a9 elementor-widget elementor-widget-text-editor\" data-id=\"be471a9\" data-element_type=\"widget\" data-widget_type=\"text-editor.default\">\n\t\t\t\t<div class=\"elementor-widget-container\">\n\t\t\t\t\t\t\t\t\t<div class=\"elementor-element elementor-element-549ecc2 elementor-widget elementor-widget-text-editor\" data-id=\"549ecc2\" data-element_type=\"widget\" data-widget_type=\"text-editor.default\"><div class=\"elementor-widget-container\"><div class=\"elementor-text-editor elementor-clearfix\"><p>Podemos coletar informa\u00e7\u00f5es pessoais do usu\u00e1rio durante os processos de registro, cadastro e login, mas somente os dados que forem dados voluntariamente em nossos formul\u00e1rios necess\u00e1rio ao cadastro de assinantes ou prospectos.<\/p><\/div><\/div><\/div>\t\t\t\t\t\t\t\t<\/div>\n\t\t\t\t<\/div>\n\t\t\t\t<div class=\"elementor-element elementor-element-f99889a elementor-widget elementor-widget-heading\" data-id=\"f99889a\" data-element_type=\"widget\" data-widget_type=\"heading.default\">\n\t\t\t\t<div class=\"elementor-widget-container\">\n\t\t\t\t\t<h3 class=\"elementor-heading-title elementor-size-default\">Quais outras informa\u00e7\u00f5es voc\u00eas podem coletar?<\/h3>\t\t\t\t<\/div>\n\t\t\t\t<\/div>\n\t\t\t\t<div class=\"elementor-element elementor-element-cd08a10 elementor-widget elementor-widget-text-editor\" data-id=\"cd08a10\" data-element_type=\"widget\" data-widget_type=\"text-editor.default\">\n\t\t\t\t<div class=\"elementor-widget-container\">\n\t\t\t\t\t\t\t\t\t<div class=\"elementor-element elementor-element-525b81e elementor-widget elementor-widget-text-editor\" data-id=\"525b81e\" data-element_type=\"widget\" data-widget_type=\"text-editor.default\"><div class=\"elementor-widget-container\"><div class=\"elementor-text-editor elementor-clearfix\"><p>Podemos coletar informa\u00e7\u00f5es n\u00e3o-pessoais do usu\u00e1rio (browser usado, n\u00famero de IP, tipo de dispositivo, sistema operacional etc) quando este interagir com o nosso site. Nosso site usa cookies para melhorar a experi\u00eancia do usu\u00e1rio, mas voc\u00ea pode configurar o seu dispositivo para recus\u00e1-los se quiser. Em alguns casos essa recusa pode levar partes do site a n\u00e3o funcionarem muito bem.<\/p><\/div><\/div><\/div>\t\t\t\t\t\t\t\t<\/div>\n\t\t\t\t<\/div>\n\t\t\t\t<div class=\"elementor-element elementor-element-4105cb7 elementor-widget elementor-widget-heading\" data-id=\"4105cb7\" data-element_type=\"widget\" data-widget_type=\"heading.default\">\n\t\t\t\t<div class=\"elementor-widget-container\">\n\t\t\t\t\t<h3 class=\"elementor-heading-title elementor-size-default\">E como voc\u00eas usam minhas informa\u00e7\u00f5es?<\/h3>\t\t\t\t<\/div>\n\t\t\t\t<\/div>\n\t\t\t\t<div class=\"elementor-element elementor-element-89d1001 elementor-widget elementor-widget-text-editor\" data-id=\"89d1001\" data-element_type=\"widget\" data-widget_type=\"text-editor.default\">\n\t\t\t\t<div class=\"elementor-widget-container\">\n\t\t\t\t\t\t\t\t\t<div class=\"elementor-element elementor-element-ac4b3d9 elementor-widget elementor-widget-text-editor\" data-id=\"ac4b3d9\" data-element_type=\"widget\" data-widget_type=\"text-editor.default\"><div class=\"elementor-widget-container\"><div class=\"elementor-text-editor elementor-clearfix\"><p>Coletamos e usamos as informa\u00e7\u00f5es da seguinte forma:<\/p><\/div><\/div><\/div>\t\t\t\t\t\t\t\t<\/div>\n\t\t\t\t<\/div>\n\t\t\t\t<div class=\"elementor-element elementor-element-44999fa elementor-widget elementor-widget-text-editor\" data-id=\"44999fa\" data-element_type=\"widget\" data-widget_type=\"text-editor.default\">\n\t\t\t\t<div class=\"elementor-widget-container\">\n\t\t\t\t\t\t\t\t\t<div class=\"elementor-element elementor-element-6cf3978 elementor-widget elementor-widget-text-editor\" data-id=\"6cf3978\" data-element_type=\"widget\" data-widget_type=\"text-editor.default\"><div class=\"elementor-widget-container\"><div class=\"elementor-text-editor elementor-clearfix\"><ul><li><strong>Para melhorar nosso servi\u00e7o a voc\u00ea<\/strong><br \/>Essa Informa\u00e7\u00e3o nos ajuda a prover melhores servi\u00e7os e responder aos chamados com mais efetividade.<br \/><br \/><\/li><li><strong>Para personalizar sua experi\u00eancia no site<\/strong><br \/>Queremos entender como nossos alunos e prospectos usam o site, sua progress\u00e3o nos conte\u00fados e como est\u00e3o utilizando os recursos dispon\u00edveis no nosso sistema.<br \/><br \/><\/li><li><strong>Para enviar e-mails e avisos<\/strong><br \/>Podemos usar endere\u00e7os de e-mail para enviar ao usu\u00e1rio informa\u00e7\u00f5es e atualiza\u00e7\u00f5es sobre os seus pedidos bem como responder as suas perguntas. <br \/><br \/>Podemos eventualmente mandar informa\u00e7\u00f5es sobre novidades no site, sempre mantendo a op\u00e7\u00e3o para voc\u00ea retirar do e-mail da lista.<br \/><br \/><\/li><li><strong>Fique tranquilo!<\/strong> <br \/>Em nenhum momento venderemos, trocaremos, negociaremos ou repassaremos seus dados pessoais ou de e-mail para terceiros!<\/li><\/ul><\/div><\/div><\/div>\t\t\t\t\t\t\t\t<\/div>\n\t\t\t\t<\/div>\n\t\t\t\t<div class=\"elementor-element elementor-element-39a52aa elementor-widget elementor-widget-heading\" data-id=\"39a52aa\" data-element_type=\"widget\" data-widget_type=\"heading.default\">\n\t\t\t\t<div class=\"elementor-widget-container\">\n\t\t\t\t\t<h3 class=\"elementor-heading-title elementor-size-default\">E se voc\u00eas mudarem estas regras?<\/h3>\t\t\t\t<\/div>\n\t\t\t\t<\/div>\n\t\t\t\t<div class=\"elementor-element elementor-element-00d7b9d elementor-widget elementor-widget-text-editor\" data-id=\"00d7b9d\" data-element_type=\"widget\" data-widget_type=\"text-editor.default\">\n\t\t\t\t<div class=\"elementor-widget-container\">\n\t\t\t\t\t\t\t\t\t<section class=\"elementor-element elementor-element-faa54a8 elementor-section-boxed elementor-section-height-default elementor-section-height-default elementor-section elementor-top-section\" data-id=\"faa54a8\" data-element_type=\"section\" data-settings=\"{&quot;background_background&quot;:&quot;classic&quot;}\"><div class=\"elementor-container elementor-column-gap-no\"><div class=\"elementor-row\"><div class=\"elementor-element elementor-element-122bf2b elementor-column elementor-col-100 elementor-top-column\" data-id=\"122bf2b\" data-element_type=\"column\"><div class=\"elementor-column-wrap  elementor-element-populated\"><div class=\"elementor-widget-wrap\"><div class=\"elementor-element elementor-element-9608a2f elementor-widget elementor-widget-text-editor\" data-id=\"9608a2f\" data-element_type=\"widget\" data-widget_type=\"text-editor.default\"><div class=\"elementor-widget-container\"><div class=\"elementor-text-editor elementor-clearfix\"><p>Sim, isso pode acontecer. Conforme o site crescer e aumentar em complexidade, conte\u00fado podemos precisar de novas pol\u00edticas, ou alterar as existentes. <br \/><br \/>Quando isso acontecer, colocaremos no rodap\u00e9 desta p\u00e1gina a data da atualiza\u00e7\u00e3o, e o encorajamos a verificar nossas pol\u00edticas de tempos em tempos para se manter atualizado sobre o que estamos fazendo para manter a sua seguran\u00e7a e sigilo.<\/p><\/div><\/div><\/div><\/div><\/div><\/div><\/div><\/div><\/section>\t\t\t\t\t\t\t\t<\/div>\n\t\t\t\t<\/div>\n\t\t\t\t\t<\/div>\n\t\t<\/div>\n\t\t\t\t\t<\/div>\n\t\t<\/section>\n\t\t\t\t<section class=\"elementor-section elementor-top-section elementor-element elementor-element-16efc3b elementor-section-full_width elementor-section-height-default elementor-section-height-default\" data-id=\"16efc3b\" data-element_type=\"section\" data-settings=\"{&quot;background_background&quot;:&quot;classic&quot;}\">\n\t\t\t\t\t\t<div class=\"elementor-container elementor-column-gap-no\">\n\t\t\t\t\t<div class=\"elementor-column elementor-col-100 elementor-top-column elementor-element elementor-element-35bb57d\" data-id=\"35bb57d\" data-element_type=\"column\">\n\t\t\t<div class=\"elementor-widget-wrap elementor-element-populated\">\n\t\t\t\t\t\t<div class=\"elementor-element elementor-element-4bae614 elementor-widget elementor-widget-heading\" data-id=\"4bae614\" data-element_type=\"widget\" data-widget_type=\"heading.default\">\n\t\t\t\t<div class=\"elementor-widget-container\">\n\t\t\t\t\t<h3 class=\"elementor-heading-title elementor-size-default\">Aceita\u00e7\u00e3o destes termos<\/h3>\t\t\t\t<\/div>\n\t\t\t\t<\/div>\n\t\t\t\t<div class=\"elementor-element elementor-element-e2411c9 elementor-widget elementor-widget-text-editor\" data-id=\"e2411c9\" data-element_type=\"widget\" data-widget_type=\"text-editor.default\">\n\t\t\t\t<div class=\"elementor-widget-container\">\n\t\t\t\t\t\t\t\t\t<p>Ao usar este site voc\u00ea aceita e concorda com os termos desta pol\u00edtica e a revis\u00e1-la periodicamente para se manter atualizado e ver se houve alguma mudan\u00e7a. <br \/><br \/>Caso n\u00e3o concorde, por favor, utilize nosso site com os devidos cuidados. Obrigado!<\/p>\t\t\t\t\t\t\t\t<\/div>\n\t\t\t\t<\/div>\n\t\t\t\t<div class=\"elementor-element elementor-element-c4a8581 elementor-widget elementor-widget-text-editor\" data-id=\"c4a8581\" data-element_type=\"widget\" data-widget_type=\"text-editor.default\">\n\t\t\t\t<div class=\"elementor-widget-container\">\n\t\t\t\t\t\t\t\t\t<p>VERS\u00c3O DE: 01\/07\/2019<\/p>\t\t\t\t\t\t\t\t<\/div>\n\t\t\t\t<\/div>\n\t\t\t\t\t<\/div>\n\t\t<\/div>\n\t\t\t\t\t<\/div>\n\t\t<\/section>\n\t\t\t\t<\/div>","protected":false},"excerpt":{"rendered":"<p>POL\u00cdTICA DE PRIVACIDADE Afinal, o que \u00e9 essa tal? Voc\u00eas coletar\u00e3o minhas informa\u00e7\u00f5es pessoais? Podemos coletar informa\u00e7\u00f5es pessoais do usu\u00e1rio durante os processos de registro, cadastro e login, mas somente os dados que forem dados voluntariamente em nossos formul\u00e1rios necess\u00e1rio ao cadastro de assinantes ou prospectos. Quais outras informa\u00e7\u00f5es voc\u00eas podem coletar? Podemos coletar informa\u00e7\u00f5es [&hellip;]<\/p>","protected":false},"author":1,"featured_media":0,"parent":0,"menu_order":0,"comment_status":"closed","ping_status":"closed","template":"elementor_canvas","meta":{"_joinchat":[],"footnotes":"","_links_to":"","_links_to_target":""},"class_list":["post-323","page","type-page","status-publish","hentry"],"yoast_head":"<!-- This site is optimized with the Yoast SEO plugin v26.8 - https:\/\/yoast.com\/product\/yoast-seo-wordpress\/ -->\n<title>Pol\u00edtica de Privacidade - Barcellos Experts<\/title>\n<meta name=\"robots\" content=\"index, follow, max-snippet:-1, max-image-preview:large, max-video-preview:-1\" \/>\n<link rel=\"canonical\" href=\"https:\/\/barcellosexperts.com.br\/en\/politica-de-privacidade\/\" \/>\n<meta property=\"og:locale\" content=\"en_GB\" \/>\n<meta property=\"og:type\" content=\"article\" \/>\n<meta property=\"og:title\" content=\"Pol\u00edtica de Privacidade - Barcellos Experts\" \/>\n<meta property=\"og:description\" content=\"POL\u00cdTICA DE PRIVACIDADE Afinal, o que \u00e9 essa tal? Voc\u00eas coletar\u00e3o minhas informa\u00e7\u00f5es pessoais? Podemos coletar informa\u00e7\u00f5es pessoais do usu\u00e1rio durante os processos de registro, cadastro e login, mas somente os dados que forem dados voluntariamente em nossos formul\u00e1rios necess\u00e1rio ao cadastro de assinantes ou prospectos. Quais outras informa\u00e7\u00f5es voc\u00eas podem coletar? Podemos coletar informa\u00e7\u00f5es [&hellip;]\" \/>\n<meta property=\"og:url\" content=\"https:\/\/barcellosexperts.com.br\/en\/politica-de-privacidade\/\" \/>\n<meta property=\"og:site_name\" content=\"Barcellos Experts\" \/>\n<meta property=\"article:modified_time\" content=\"2023-11-20T16:59:24+00:00\" \/>\n<meta name=\"twitter:card\" content=\"summary_large_image\" \/>\n<meta name=\"twitter:label1\" content=\"Estimated reading time\" \/>\n\t<meta name=\"twitter:data1\" content=\"2 minutes\" \/>\n<script type=\"application\/ld+json\" class=\"yoast-schema-graph\">{\"@context\":\"https:\/\/schema.org\",\"@graph\":[{\"@type\":\"WebPage\",\"@id\":\"https:\/\/barcellosexperts.com.br\/politica-de-privacidade\/\",\"url\":\"https:\/\/barcellosexperts.com.br\/politica-de-privacidade\/\",\"name\":\"Pol\u00edtica de Privacidade - Barcellos Experts\",\"isPartOf\":{\"@id\":\"https:\/\/barcellosexperts.com.br\/#website\"},\"datePublished\":\"2020-02-10T20:15:45+00:00\",\"dateModified\":\"2023-11-20T16:59:24+00:00\",\"breadcrumb\":{\"@id\":\"https:\/\/barcellosexperts.com.br\/politica-de-privacidade\/#breadcrumb\"},\"inLanguage\":\"en-GB\",\"potentialAction\":[{\"@type\":\"ReadAction\",\"target\":[\"https:\/\/barcellosexperts.com.br\/politica-de-privacidade\/\"]}]},{\"@type\":\"BreadcrumbList\",\"@id\":\"https:\/\/barcellosexperts.com.br\/politica-de-privacidade\/#breadcrumb\",\"itemListElement\":[{\"@type\":\"ListItem\",\"position\":1,\"name\":\"In\u00edcio\",\"item\":\"https:\/\/barcellosexperts.com.br\/\"},{\"@type\":\"ListItem\",\"position\":2,\"name\":\"Pol\u00edtica de Privacidade\"}]},{\"@type\":\"WebSite\",\"@id\":\"https:\/\/barcellosexperts.com.br\/#website\",\"url\":\"https:\/\/barcellosexperts.com.br\/\",\"name\":\"Barcellos Experts\",\"description\":\"Especialistas em Estrategia de Marca\",\"publisher\":{\"@id\":\"https:\/\/barcellosexperts.com.br\/#organization\"},\"potentialAction\":[{\"@type\":\"SearchAction\",\"target\":{\"@type\":\"EntryPoint\",\"urlTemplate\":\"https:\/\/barcellosexperts.com.br\/?s={search_term_string}\"},\"query-input\":{\"@type\":\"PropertyValueSpecification\",\"valueRequired\":true,\"valueName\":\"search_term_string\"}}],\"inLanguage\":\"en-GB\"},{\"@type\":\"Organization\",\"@id\":\"https:\/\/barcellosexperts.com.br\/#organization\",\"name\":\"Barcellos Experts\",\"url\":\"https:\/\/barcellosexperts.com.br\/\",\"logo\":{\"@type\":\"ImageObject\",\"inLanguage\":\"en-GB\",\"@id\":\"https:\/\/barcellosexperts.com.br\/#\/schema\/logo\/image\/\",\"url\":\"https:\/\/barcellosexperts.com.br\/wp-content\/uploads\/2020\/02\/barcellos_experts_logomarca_menu.svg\",\"contentUrl\":\"https:\/\/barcellosexperts.com.br\/wp-content\/uploads\/2020\/02\/barcellos_experts_logomarca_menu.svg\",\"caption\":\"Barcellos Experts\"},\"image\":{\"@id\":\"https:\/\/barcellosexperts.com.br\/#\/schema\/logo\/image\/\"}}]}<\/script>\n<!-- \/ Yoast SEO plugin. -->","yoast_head_json":{"title":"Pol\u00edtica de Privacidade - Barcellos Experts","robots":{"index":"index","follow":"follow","max-snippet":"max-snippet:-1","max-image-preview":"max-image-preview:large","max-video-preview":"max-video-preview:-1"},"canonical":"https:\/\/barcellosexperts.com.br\/en\/politica-de-privacidade\/","og_locale":"en_GB","og_type":"article","og_title":"Pol\u00edtica de Privacidade - Barcellos Experts","og_description":"POL\u00cdTICA DE PRIVACIDADE Afinal, o que \u00e9 essa tal? Voc\u00eas coletar\u00e3o minhas informa\u00e7\u00f5es pessoais? Podemos coletar informa\u00e7\u00f5es pessoais do usu\u00e1rio durante os processos de registro, cadastro e login, mas somente os dados que forem dados voluntariamente em nossos formul\u00e1rios necess\u00e1rio ao cadastro de assinantes ou prospectos. Quais outras informa\u00e7\u00f5es voc\u00eas podem coletar? Podemos coletar informa\u00e7\u00f5es [&hellip;]","og_url":"https:\/\/barcellosexperts.com.br\/en\/politica-de-privacidade\/","og_site_name":"Barcellos Experts","article_modified_time":"2023-11-20T16:59:24+00:00","twitter_card":"summary_large_image","twitter_misc":{"Estimated reading time":"2 minutes"},"schema":{"@context":"https:\/\/schema.org","@graph":[{"@type":"WebPage","@id":"https:\/\/barcellosexperts.com.br\/politica-de-privacidade\/","url":"https:\/\/barcellosexperts.com.br\/politica-de-privacidade\/","name":"Pol\u00edtica de Privacidade - Barcellos Experts","isPartOf":{"@id":"https:\/\/barcellosexperts.com.br\/#website"},"datePublished":"2020-02-10T20:15:45+00:00","dateModified":"2023-11-20T16:59:24+00:00","breadcrumb":{"@id":"https:\/\/barcellosexperts.com.br\/politica-de-privacidade\/#breadcrumb"},"inLanguage":"en-GB","potentialAction":[{"@type":"ReadAction","target":["https:\/\/barcellosexperts.com.br\/politica-de-privacidade\/"]}]},{"@type":"BreadcrumbList","@id":"https:\/\/barcellosexperts.com.br\/politica-de-privacidade\/#breadcrumb","itemListElement":[{"@type":"ListItem","position":1,"name":"In\u00edcio","item":"https:\/\/barcellosexperts.com.br\/"},{"@type":"ListItem","position":2,"name":"Pol\u00edtica de Privacidade"}]},{"@type":"WebSite","@id":"https:\/\/barcellosexperts.com.br\/#website","url":"https:\/\/barcellosexperts.com.br\/","name":"Barcellos Experts","description":"Especialistas em Estrategia de Marca","publisher":{"@id":"https:\/\/barcellosexperts.com.br\/#organization"},"potentialAction":[{"@type":"SearchAction","target":{"@type":"EntryPoint","urlTemplate":"https:\/\/barcellosexperts.com.br\/?s={search_term_string}"},"query-input":{"@type":"PropertyValueSpecification","valueRequired":true,"valueName":"search_term_string"}}],"inLanguage":"en-GB"},{"@type":"Organization","@id":"https:\/\/barcellosexperts.com.br\/#organization","name":"Barcellos Experts","url":"https:\/\/barcellosexperts.com.br\/","logo":{"@type":"ImageObject","inLanguage":"en-GB","@id":"https:\/\/barcellosexperts.com.br\/#\/schema\/logo\/image\/","url":"https:\/\/barcellosexperts.com.br\/wp-content\/uploads\/2020\/02\/barcellos_experts_logomarca_menu.svg","contentUrl":"https:\/\/barcellosexperts.com.br\/wp-content\/uploads\/2020\/02\/barcellos_experts_logomarca_menu.svg","caption":"Barcellos Experts"},"image":{"@id":"https:\/\/barcellosexperts.com.br\/#\/schema\/logo\/image\/"}}]}},"_links":{"self":[{"href":"https:\/\/barcellosexperts.com.br\/en\/wp-json\/wp\/v2\/pages\/323","targetHints":{"allow":["GET"]}}],"collection":[{"href":"https:\/\/barcellosexperts.com.br\/en\/wp-json\/wp\/v2\/pages"}],"about":[{"href":"https:\/\/barcellosexperts.com.br\/en\/wp-json\/wp\/v2\/types\/page"}],"author":[{"embeddable":true,"href":"https:\/\/barcellosexperts.com.br\/en\/wp-json\/wp\/v2\/users\/1"}],"replies":[{"embeddable":true,"href":"https:\/\/barcellosexperts.com.br\/en\/wp-json\/wp\/v2\/comments?post=323"}],"version-history":[{"count":4,"href":"https:\/\/barcellosexperts.com.br\/en\/wp-json\/wp\/v2\/pages\/323\/revisions"}],"predecessor-version":[{"id":2768,"href":"https:\/\/barcellosexperts.com.br\/en\/wp-json\/wp\/v2\/pages\/323\/revisions\/2768"}],"wp:attachment":[{"href":"https:\/\/barcellosexperts.com.br\/en\/wp-json\/wp\/v2\/media?parent=323"}],"curies":[{"name":"wp","href":"https:\/\/api.w.org\/{rel}","templated":true}]}}